{"id":2472,"date":"2024-06-05T13:56:47","date_gmt":"2024-06-05T11:56:47","guid":{"rendered":"https:\/\/adin.hu\/?page_id=2472"},"modified":"2024-06-05T15:16:29","modified_gmt":"2024-06-05T13:16:29","slug":"elmenyvezetes-oktatok","status":"publish","type":"page","link":"https:\/\/adin.hu\/en\/elmenyvezetes-oktatok\/","title":{"rendered":"\u00c9lm\u00e9nyvezet\u00e9s &#8211; oktat\u00f3k"},"content":{"rendered":"\t\t<div data-elementor-type=\"wp-page\" data-elementor-id=\"2472\" class=\"elementor elementor-2472\" data-elementor-post-type=\"page\">\n\t\t\t\t<div class=\"elementor-element elementor-element-5eb9ed7 e-flex e-con-boxed e-con e-parent\" data-id=\"5eb9ed7\" data-element_type=\"container\" data-e-type=\"container\">\n\t\t\t\t\t<div class=\"e-con-inner\">\n\t\t\t\t<div class=\"elementor-element elementor-element-5fa9962 elementor-widget elementor-widget-heading\" data-id=\"5fa9962\" data-element_type=\"widget\" data-e-type=\"widget\" data-widget_type=\"heading.default\">\n\t\t\t\t<div class=\"elementor-widget-container\">\n\t\t\t\t\t<h2 class=\"elementor-heading-title elementor-size-default\">J\u00f3t\u00e9konys\u00e1gi \u00e9lm\u00e9nyvezet\u00e9s \u00c1din jav\u00e1ra<\/h2>\t\t\t\t<\/div>\n\t\t\t\t<\/div>\n\t\t\t\t\t<\/div>\n\t\t\t\t<\/div>\n\t\t<div class=\"elementor-element elementor-element-4d3b138d e-flex e-con-boxed e-con e-parent\" data-id=\"4d3b138d\" data-element_type=\"container\" data-e-type=\"container\">\n\t\t\t\t\t<div class=\"e-con-inner\">\n\t\t<div class=\"elementor-element elementor-element-3fc8a288 e-con-full e-flex e-con e-child\" data-id=\"3fc8a288\" data-element_type=\"container\" data-e-type=\"container\">\n\t\t\t\t<div class=\"elementor-element elementor-element-2558c2d5 elementor-widget elementor-widget-text-editor\" data-id=\"2558c2d5\" data-element_type=\"widget\" data-e-type=\"widget\" data-widget_type=\"text-editor.default\">\n\t\t\t\t<div class=\"elementor-widget-container\">\n\t\t\t\t\t\t\t\t\t<p>Kedves Oktat\u00f3k!<\/p><p>\u00c1din csal\u00e1dja nev\u00e9ben m\u00e9g egyszer <strong>k\u00f6sz\u00f6nj\u00fck, hogy r\u00e9szt vesztek<\/strong> ebben a csod\u00e1latos kezdem\u00e9nyez\u00e9sben, melynek c\u00e9lja, hogy egy elm\u00e9leti \u00e9s gyakorlati r\u00e9szb\u0151l \u00e1ll\u00f3 prevenci\u00f3s k\u00f6zleked\u00e9si gyermekrendezv\u00e9nnyel felh\u00edvjuk a gyerekek \u00e9s sz\u00fcl\u0151k figyelm\u00e9t a k\u00f6zleked\u00e9s legfontosabb szab\u00e1lyaira, egy\u00fattal pedig seg\u00edts\u00fcnk \u00c1din sz\u00fcleinek \u00f6sszegy\u0171jteni a Duchenne-izomdisztr\u00f3fi\u00e1s kisfi\u00fa <strong>g\u00e9nter\u00e1pi\u00e1j\u00e1hoz sz\u00fcks\u00e9ges p\u00e9nz<\/strong> egy r\u00e9sz\u00e9t.<\/p><p>Ehhez els\u0151 k\u00f6rben sz\u00fcks\u00e9g\u00fcnk lenne a kapacit\u00e1sotokra az \u00e9rintett napon (2024.06.16). <strong>K\u00e9rj\u00fck, v\u00e1lassz\u00e1tok ki a Nektek megfelel\u0151 id\u0151pontot vagy id\u0151pontokat.<\/strong> Ha mindegyik j\u00f3, mindegyiket pip\u00e1lj\u00e1tok ki. Mivel az id\u0151 s\u00fcrget, ez\u00e9rt <strong>holnap d\u00e9lig v\u00e1rjuk a visszajelz\u00e9seket,<\/strong> hogy meg tudjuk mihamarabb nyitni a regisztr\u00e1ci\u00f3s fel\u00fcletet!<\/p>\t\t\t\t\t\t\t\t<\/div>\n\t\t\t\t<\/div>\n\t\t\t\t<\/div>\n\t\t<div class=\"elementor-element elementor-element-69d62e e-con-full e-flex e-con e-child\" data-id=\"69d62e\" data-element_type=\"container\" data-e-type=\"container\">\n\t\t\t\t<div class=\"elementor-element elementor-element-5435a35f dce_masking-none elementor-invisible elementor-widget elementor-widget-image\" data-id=\"5435a35f\" data-element_type=\"widget\" data-e-type=\"widget\" data-settings=\"{&quot;_animation&quot;:&quot;slideInRight&quot;}\" data-widget_type=\"image.default\">\n\t\t\t\t<div class=\"elementor-widget-container\">\n\t\t\t\t\t\t\t\t\t\t\t\t\t\t\t<img fetchpriority=\"high\" decoding=\"async\" width=\"1080\" height=\"1080\" src=\"https:\/\/adin.hu\/wp-content\/uploads\/2024\/06\/adin2.jpeg\" class=\"attachment-full size-full wp-image-2474\" alt=\"\" srcset=\"https:\/\/adin.hu\/wp-content\/uploads\/2024\/06\/adin2.jpeg 1080w, https:\/\/adin.hu\/wp-content\/uploads\/2024\/06\/adin2-300x300.jpeg 300w, https:\/\/adin.hu\/wp-content\/uploads\/2024\/06\/adin2-1024x1024.jpeg 1024w, https:\/\/adin.hu\/wp-content\/uploads\/2024\/06\/adin2-150x150.jpeg 150w, https:\/\/adin.hu\/wp-content\/uploads\/2024\/06\/adin2-768x768.jpeg 768w, https:\/\/adin.hu\/wp-content\/uploads\/2024\/06\/adin2-12x12.jpeg 12w\" sizes=\"(max-width: 1080px) 100vw, 1080px\" \/>\t\t\t\t\t\t\t\t\t\t\t\t\t\t\t<\/div>\n\t\t\t\t<\/div>\n\t\t\t\t<\/div>\n\t\t\t\t\t<\/div>\n\t\t\t\t<\/div>\n\t\t<div class=\"elementor-element elementor-element-eac5bc3 e-flex e-con-boxed e-con e-parent\" data-id=\"eac5bc3\" data-element_type=\"container\" data-e-type=\"container\" data-settings=\"{&quot;background_background&quot;:&quot;classic&quot;}\">\n\t\t\t\t\t<div class=\"e-con-inner\">\n\t\t\t\t<div class=\"elementor-element elementor-element-44943c6 elementor-widget elementor-widget-heading\" data-id=\"44943c6\" data-element_type=\"widget\" data-e-type=\"widget\" data-widget_type=\"heading.default\">\n\t\t\t\t<div class=\"elementor-widget-container\">\n\t\t\t\t\t<h2 class=\"elementor-heading-title elementor-size-default\">Oktat\u00f3i regisztr\u00e1ci\u00f3<\/h2>\t\t\t\t<\/div>\n\t\t\t\t<\/div>\n\t\t\t\t\t<\/div>\n\t\t\t\t<\/div>\n\t\t<div class=\"elementor-element elementor-element-76aac15 e-flex e-con-boxed e-con e-parent\" data-id=\"76aac15\" data-element_type=\"container\" data-e-type=\"container\">\n\t\t\t\t\t<div class=\"e-con-inner\">\n\t\t\t\t<div class=\"elementor-element elementor-element-0775698 elementor-button-align-stretch elementor-widget elementor-widget-form\" data-id=\"0775698\" data-element_type=\"widget\" data-e-type=\"widget\" data-settings=\"{&quot;step_next_label&quot;:&quot;K\\u00f6vetkez\\u0151&quot;,&quot;step_previous_label&quot;:&quot;El\\u0151z\\u0151&quot;,&quot;button_width&quot;:&quot;100&quot;,&quot;dce_confirm_dialog_enabled&quot;:&quot;no&quot;,&quot;step_type&quot;:&quot;number_text&quot;,&quot;step_icon_shape&quot;:&quot;circle&quot;,&quot;label_icon_size&quot;:{&quot;unit&quot;:&quot;px&quot;,&quot;size&quot;:&quot;&quot;,&quot;sizes&quot;:[]},&quot;field_icon_size&quot;:{&quot;unit&quot;:&quot;px&quot;,&quot;size&quot;:&quot;&quot;,&quot;sizes&quot;:[]}}\" data-widget_type=\"form.default\">\n\t\t\t\t<div class=\"elementor-widget-container\">\n\t\t\t\t\t\t\t<form class=\"elementor-form\" method=\"post\" name=\"\u00daj \u0171rlap\" aria-label=\"\u00daj \u0171rlap\">\n\t\t\t<input type=\"hidden\" name=\"post_id\" value=\"2472\"\/>\n\t\t\t<input type=\"hidden\" name=\"form_id\" value=\"0775698\"\/>\n\t\t\t<input type=\"hidden\" name=\"referer_title\" value=\"\u00c9lm\u00e9nyvezet\u00e9s &#8211; oktat\u00f3k\" \/>\n\n\t\t\t\t\t\t\t<input type=\"hidden\" name=\"queried_id\" value=\"2472\"\/>\n\t\t\t\n\t\t\t<div class=\"elementor-form-fields-wrapper elementor-labels-above\">\n\t\t\t\t\t\t\t\t<div class=\"elementor-field-type-text elementor-field-group elementor-column elementor-field-group-name elementor-col-50\">\n\t\t\t\t\t\t\t\t\t\t\t\t<label for=\"form-field-name\" class=\"elementor-field-label\">\n\t\t\t\t\t\t\t\tN\u00e9v\t\t\t\t\t\t\t<\/label>\n\t\t\t\t\t\t\t\t\t\t\t\t\t\t<input size=\"1\" type=\"text\" name=\"form_fields[name]\" id=\"form-field-name\" class=\"elementor-field elementor-size-sm  elementor-field-textual\" placeholder=\"N\u00e9v\">\n\t\t\t\t\t\t\t\t\t\t\t<\/div>\n\t\t\t\t\t\t\t\t<div class=\"elementor-field-type-email elementor-field-group elementor-column elementor-field-group-email elementor-col-50 elementor-field-required\">\n\t\t\t\t\t\t\t\t\t\t\t\t<label for=\"form-field-email\" class=\"elementor-field-label\">\n\t\t\t\t\t\t\t\tEmail\t\t\t\t\t\t\t<\/label>\n\t\t\t\t\t\t\t\t\t\t\t\t\t\t<input size=\"1\" type=\"email\" name=\"form_fields[email]\" id=\"form-field-email\" class=\"elementor-field elementor-size-sm  elementor-field-textual\" placeholder=\"Email\" required=\"required\">\n\t\t\t\t\t\t\t\t\t\t\t<\/div>\n\t\t\t\t\t\t\t\t<div class=\"elementor-field-type-tel elementor-field-group elementor-column elementor-field-group-field_44eb0bc elementor-col-50\">\n\t\t\t\t\t\t\t\t\t\t\t\t<label for=\"form-field-field_44eb0bc\" class=\"elementor-field-label\">\n\t\t\t\t\t\t\t\tTelefonsz\u00e1m\t\t\t\t\t\t\t<\/label>\n\t\t\t\t\t\t\t\t<input size=\"1\" type=\"tel\" name=\"form_fields[field_44eb0bc]\" id=\"form-field-field_44eb0bc\" class=\"elementor-field elementor-size-sm  elementor-field-textual\" pattern=\"[0-9()#&amp;+*-=.]+\" title=\"Only numbers and phone characters (#, -, *, etc) are accepted.\">\n\n\t\t\t\t\t\t<\/div>\n\t\t\t\t\t\t\t\t<div class=\"elementor-field-type-checkbox elementor-field-group elementor-column elementor-field-group-field_b241fc7 elementor-col-50\">\n\t\t\t\t\t\t\t\t\t\t\t\t<label for=\"form-field-field_b241fc7\" class=\"elementor-field-label\">\n\t\t\t\t\t\t\t\tPrefer\u00e1lt turnus(ok)\t\t\t\t\t\t\t<\/label>\n\t\t\t\t\t\t<div class=\"elementor-field-subgroup  elementor-subgroup-inline\"><span class=\"elementor-field-option\"><input type=\"checkbox\" value=\"10.00\" id=\"form-field-field_b241fc7-0\" name=\"form_fields[field_b241fc7][]\"> <label for=\"form-field-field_b241fc7-0\">10.00<\/label><\/span><span class=\"elementor-field-option\"><input type=\"checkbox\" value=\"11.00\" id=\"form-field-field_b241fc7-1\" name=\"form_fields[field_b241fc7][]\"> <label for=\"form-field-field_b241fc7-1\">11.00<\/label><\/span><span class=\"elementor-field-option\"><input type=\"checkbox\" value=\"13.00\" id=\"form-field-field_b241fc7-2\" name=\"form_fields[field_b241fc7][]\"> <label for=\"form-field-field_b241fc7-2\">13.00<\/label><\/span><span class=\"elementor-field-option\"><input type=\"checkbox\" value=\"14.00\" id=\"form-field-field_b241fc7-3\" name=\"form_fields[field_b241fc7][]\"> <label for=\"form-field-field_b241fc7-3\">14.00<\/label><\/span><span class=\"elementor-field-option\"><input type=\"checkbox\" value=\"15.00\" id=\"form-field-field_b241fc7-4\" name=\"form_fields[field_b241fc7][]\"> <label for=\"form-field-field_b241fc7-4\">15.00<\/label><\/span><span class=\"elementor-field-option\"><input type=\"checkbox\" value=\"16.00\" id=\"form-field-field_b241fc7-5\" name=\"form_fields[field_b241fc7][]\"> <label for=\"form-field-field_b241fc7-5\">16.00<\/label><\/span><\/div>\t\t\t\t<\/div>\n\t\t\t\t\t\t\t\t<div class=\"elementor-field-type-textarea elementor-field-group elementor-column elementor-field-group-message elementor-col-100\">\n\t\t\t\t\t\t\t\t\t\t\t\t<label for=\"form-field-message\" class=\"elementor-field-label\">\n\t\t\t\t\t\t\t\tMegjegyz\u00e9s\t\t\t\t\t\t\t<\/label>\n\t\t\t\t\t\t<textarea class=\"elementor-field-textual elementor-field  elementor-size-sm\" name=\"form_fields[message]\" id=\"form-field-message\" rows=\"4\" placeholder=\"B\u00e1rmilyen hasznos inf\u00f3, \u00f6tlet, javaslat\"><\/textarea>\t\t\t\t<\/div>\n\t\t\t\t\t\t\t\t<div class=\"elementor-field-type-acceptance elementor-field-group elementor-column elementor-field-group-field_528570b elementor-col-100\">\n\t\t\t\t\t\t\t<div class=\"elementor-field-subgroup\">\n\t\t\t<span class=\"elementor-field-option\">\n\t\t\t\t<input type=\"checkbox\" name=\"form_fields[field_528570b]\" id=\"form-field-field_528570b\" class=\"elementor-field elementor-size-sm  elementor-acceptance-field\">\n\t\t\t\t<label for=\"form-field-field_528570b\">Elolvastam \u00e9s elfogadom az <a href=\"https:\/\/adin.hu\/adatkezelesi-tajekoztato\/\">Egy\u00fctt \u00c1din Kez\u00e9t Fogva Alap\u00edtv\u00e1ny adatkezel\u00e9si t\u00e1j\u00e9koztat\u00f3j\u00e1t.<\/a><\/label>\t\t\t<\/span>\n\t\t<\/div>\n\t\t\t\t\t\t<\/div>\n\t\t\t\t\t\t\t\t<div class=\"elementor-field-group elementor-column elementor-field-type-submit elementor-col-100 e-form__buttons\">\n\t\t\t\t\t<button class=\"elementor-button elementor-size-sm\" type=\"submit\">\n\t\t\t\t\t\t<span class=\"elementor-button-content-wrapper\">\n\t\t\t\t\t\t\t\t\t\t\t\t\t\t\t\t\t\t\t\t\t\t<span class=\"elementor-button-text\">K\u00fcld\u00e9s<\/span>\n\t\t\t\t\t\t\t\t\t\t\t\t\t<\/span>\n\t\t\t\t\t<\/button>\n\t\t\t\t<\/div>\n\t\t\t<\/div>\n\t\t<\/form>\n\t\t\t\t\t\t<\/div>\n\t\t\t\t<\/div>\n\t\t\t\t\t<\/div>\n\t\t\t\t<\/div>\n\t\t\t\t<\/div>\n\t\t","protected":false},"excerpt":{"rendered":"<p>J\u00f3t\u00e9konys\u00e1gi \u00e9lm\u00e9nyvezet\u00e9s \u00c1din jav\u00e1ra Kedves Oktat\u00f3k! \u00c1din csal\u00e1dja nev\u00e9ben m\u00e9g egyszer k\u00f6sz\u00f6nj\u00fck, hogy r\u00e9szt vesztek ebben a csod\u00e1latos kezdem\u00e9nyez\u00e9sben, melynek c\u00e9lja, hogy egy elm\u00e9leti \u00e9s gyakorlati r\u00e9szb\u0151l \u00e1ll\u00f3 prevenci\u00f3s k\u00f6zleked\u00e9si gyermekrendezv\u00e9nnyel felh\u00edvjuk a gyerekek \u00e9s sz\u00fcl\u0151k figyelm\u00e9t a k\u00f6zleked\u00e9s legfontosabb szab\u00e1lyaira, egy\u00fattal pedig seg\u00edts\u00fcnk \u00c1din sz\u00fcleinek \u00f6sszegy\u0171jteni a Duchenne-izomdisztr\u00f3fi\u00e1s kisfi\u00fa g\u00e9nter\u00e1pi\u00e1j\u00e1hoz sz\u00fcks\u00e9ges p\u00e9nz egy r\u00e9sz\u00e9t. &#8230; <a title=\"\u00c9lm\u00e9nyvezet\u00e9s &#8211; oktat\u00f3k\" class=\"read-more\" href=\"https:\/\/adin.hu\/en\/elmenyvezetes-oktatok\/\" aria-label=\"Read more about \u00c9lm\u00e9nyvezet\u00e9s &#8211; oktat\u00f3k\">Read more<\/a><\/p>","protected":false},"author":5,"featured_media":0,"parent":0,"menu_order":0,"comment_status":"closed","ping_status":"closed","template":"","meta":{"footnotes":""},"class_list":["post-2472","page","type-page","status-publish"],"_links":{"self":[{"href":"https:\/\/adin.hu\/en\/wp-json\/wp\/v2\/pages\/2472","targetHints":{"allow":["GET"]}}],"collection":[{"href":"https:\/\/adin.hu\/en\/wp-json\/wp\/v2\/pages"}],"about":[{"href":"https:\/\/adin.hu\/en\/wp-json\/wp\/v2\/types\/page"}],"author":[{"embeddable":true,"href":"https:\/\/adin.hu\/en\/wp-json\/wp\/v2\/users\/5"}],"replies":[{"embeddable":true,"href":"https:\/\/adin.hu\/en\/wp-json\/wp\/v2\/comments?post=2472"}],"version-history":[{"count":7,"href":"https:\/\/adin.hu\/en\/wp-json\/wp\/v2\/pages\/2472\/revisions"}],"predecessor-version":[{"id":2481,"href":"https:\/\/adin.hu\/en\/wp-json\/wp\/v2\/pages\/2472\/revisions\/2481"}],"wp:attachment":[{"href":"https:\/\/adin.hu\/en\/wp-json\/wp\/v2\/media?parent=2472"}],"curies":[{"name":"wp","href":"https:\/\/api.w.org\/{rel}","templated":true}]}}