{"id":1024,"date":"2024-01-11T16:02:21","date_gmt":"2024-01-11T15:02:21","guid":{"rendered":"https:\/\/adin.temarketinged.hu\/?page_id=1024"},"modified":"2024-01-11T16:02:22","modified_gmt":"2024-01-11T15:02:22","slug":"suti-tajektato","status":"publish","type":"page","link":"https:\/\/adin.hu\/en\/suti-tajekoztato\/","title":{"rendered":"Cookie information"},"content":{"rendered":"<h2 class=\"wp-block-heading\"><strong>Cookie information<\/strong><\/h2>\n\n\n\n<h3 class=\"wp-block-heading\"><strong>What is a cookie?<\/strong><\/h3>\n\n\n\n<p>Cookies are small informational text files that enable a website to record data about the user&#039;s browsing habits. Most websites have been using such cookies for the past 20 years, because they contribute to making the user experience more comfortable. With the help of cookies, the site can provide personalized services <em>(e.g. notes content of interest to the given user)<\/em>. The data recorded in this way cannot be linked to other personal data, we will not be able to identify you, they only make the operation of the website smoother (for example, it fills in your login data in advance) and gives us the opportunity to prepare statistics about the website.&nbsp;<\/p>\n\n\n\n<h3 class=\"wp-block-heading\"><strong>What types of cookies do we distinguish between?<\/strong><\/h3>\n\n\n\n<p>We distinguish cookies based on several aspects. Let&#039;s start by saying <strong>who sets the cookie:<\/strong><\/p>\n\n\n\n<ul class=\"wp-block-list\">\n<li>the <strong>first party\/internal cookies<\/strong>is set by the website visited by the user<\/li>\n\n\n\n<li>the <strong>third party cookies<\/strong>et are set by websites and domains that the user has not visited directly, this usually happens when the creator of the website includes third-party tracking codes, plug-ins, ads, etc. added to the website. These third parties may use similar technologies to collect data in order to send targeted advertising messages to users in connection with their own services. In such cases, the data management is governed by the data protection regulations set by these third parties, and we assume no responsibility for such data management.<\/li>\n<\/ul>\n\n\n\n<p><strong>Validity<\/strong> we also distinguish between cookies in terms of:<\/p>\n\n\n\n<ul class=\"wp-block-list\">\n<li>are <strong>temporary cookie<\/strong>-k <em>(session cookie)<\/em>, which do not have a validity period, as they are deleted when the browser is closed<\/li>\n\n\n\n<li>and there are <strong>persistent cookie<\/strong>-k <em>(persistent cookies)<\/em>, which are not deleted by the browser, but remain active until they are deleted or expire.&nbsp;<\/li>\n<\/ul>\n\n\n\n<p><strong>Functions <\/strong>in terms of:<\/p>\n\n\n\n<ul class=\"wp-block-list\">\n<li><strong>(technical) cookies necessary for operation, <\/strong>which are essential for the proper functioning of a website. They enable navigation between pages, access to secure areas of the website and storage of the page&#039;s language settings.<\/li>\n<\/ul>\n\n\n\n<p><strong>Functional cookies<\/strong>, which allow a website to store user-set preferences, such as username, region, or language settings. These cookies improve the user experience and offer visitors more customized content.<\/p>\n\n\n\n<ul class=\"wp-block-list\">\n<li><strong>Performance-enhancing (analytical) cookies<\/strong>, which collect information about how visitors use a website, such as which pages they visit most often or what error messages they receive. This data helps the website owner to improve the site&#039;s performance and user experience. Analytical cookies usually collect anonymous data.<\/li>\n\n\n\n<li><strong>Targeted (advertising) cookies<\/strong>, which facilitate the display of advertisements that match the visitors&#039; interests. These cookies also track visitors&#039; browsing activities on other websites and create profiles of users&#039; interests. Targeted cookies are often used by advertisers and social media sites.<\/li>\n<\/ul>\n\n\n\n<p><strong>ESSENTIAL COOKIES USED ON OUR WEBSITE:<\/strong><\/p>\n\n\n\n<ul class=\"wp-block-list\">\n<li><strong>move_gdpr_popup<\/strong><strong><br><\/strong><strong>Description<\/strong>: the purpose of the cookie is to remember the visitor&#039;s cookie setting preferences and to display the cookie warning only when the visitor arrives at the website for the first time.<br><strong>Expiration date:<\/strong> 7 days<\/li>\n\n\n\n<li><strong>__stripe_mid, __stripe_sid<\/strong><strong><br><\/strong><strong>Function: <\/strong>These cookies are necessary for protection against financial fraud and money laundering for the Stripe payment service.<br><strong>Expiration date<\/strong>: 1 year<\/li>\n\n\n\n<li><strong>tk_ai<\/strong><br><strong>Function<\/strong>: Woocommerce cookie that generates a randomly generated, anonymous user ID for order tracking.<br><strong>Expiry date:<\/strong> It is deleted when you close the browser<\/li>\n\n\n\n<li><strong>trp_language<\/strong><br><strong>Function:<\/strong> It is a cookie of the Translatepress extension, which ensures the multilinguality of the website, with the help of which the browser remembers the language the visitor preferred during his previous visit and automatically sets that language for him when he visits the page again.<br><strong>Expiry date:<\/strong>30 days<\/li>\n\n\n\n<li><strong>wordpress_test_cookie<\/strong><br><strong>Function<\/strong>: A cookie used by WordPress, with the help of which WordPress can determine whether cookies can be placed in the visitor&#039;s browser. It does not store personal data.<br><strong>Expiry date:<\/strong> session<\/li>\n\n\n\n<li><strong>wordpress_lang<\/strong><br><strong>Function:<\/strong> it stores the language settings of the website, but not personal data<br><strong>Expiry date:<\/strong> Session<br><\/li>\n<\/ul>\n\n\n\n<p><strong>ANALYTICAL COOKIES USED ON OUR WEBSITE:<\/strong><\/p>\n\n\n\n<ul class=\"wp-block-list\">\n<li><strong>_ga_YTYNEB6BH0<\/strong><strong><br><\/strong><strong>Function:<\/strong> Google Analytics (GA4) cookie, which collects and transmits anonymous data to Google Ltd. about how many and which pages were loaded during a user&#039;s visit<br><strong>Expiry date:<\/strong> 1 year<\/li>\n\n\n\n<li><strong>_ga<\/strong><strong><br><\/strong><strong>Function:<\/strong> cookie belonging to the Google Analytics service, which is used to uniquely identify visitors, enabling the tracking of visitor behavior on the site<br><strong>Expiry date:<\/strong> 2 years<\/li>\n<\/ul>\n\n\n\n<p><strong>The user can delete cookies from his computer or disable their installation and use in his browser, but disabling cookies can affect the comfort of use of the browser and cause problems with the operation of the website.<\/strong><\/p>\n\n\n\n<p>Cookies are usually managed by browsers <em>Data protection settings in the Tools\/Settings menu<\/em> under, it is possible with a cookie name.<\/p>\n\n\n\n<h3 class=\"wp-block-heading\"><strong>To what extent do cookies affect the protection of your personal data?<\/strong><\/h3>\n\n\n\n<p>The data collected by cookies is used exclusively to improve the user experience and to operate according to individual user settings, so that unauthorized persons cannot access it. As a third party, only persons in a partnership relationship with Jobtain Kft., who perform marketing or IT activities, can see this data.<\/p>\n\n\n\n<h3 class=\"wp-block-heading\"><strong>Prohibition of cookies<\/strong><\/h3>\n\n\n\n<p>Cookies are created and stored by the browser, so it is possible to disable them within the browser. However, it should be taken into account that with prohibited cookies there is a chance that the usual websites will not work properly.<\/p>\n\n\n\n<p>Look for information on disabling cookies in your browser&#039;s Help.<\/p>\n\n\n\n<p>Disabling Google Analytics with a browser plugin: <a href=\"https:\/\/tools.google.com\/dlpage\/gaoptout\"><strong>https:\/\/tools.google.com\/dlpage\/gaoptout<\/strong><\/a><\/p>\n\n\n\n<p>Disabling cookies in the Chrome browser: <a href=\"https:\/\/support.google.com\/chrome\/answer\/95647?hl=hu\"><strong>https:\/\/support.google.com\/chrome\/answer\/95647?hl=hu<\/strong><\/a><\/p>\n\n\n\n<p>Disable cookies in the Firefox browser: <a href=\"https:\/\/support.mozilla.org\/hu\/kb\/weboldalak-altal-elhelyezett-sutik-torlese-szamito\"><strong>https:\/\/support.mozilla.org\/hu\/kb\/weboldalak-altal-elhelyezett-sutik-torlese-szamito<\/strong><\/a><\/p>","protected":false},"excerpt":{"rendered":"<p>S\u00fcti (cookie) t\u00e1j\u00e9koztat\u00f3 Mi az a cookie (s\u00fcti)? A cookie-k (s\u00fctik) olyan kis inform\u00e1ci\u00f3s sz\u00f6vegf\u00e1jlok, amelyek lehet\u0151v\u00e9 teszik, hogy egy weboldal a felhaszn\u00e1l\u00f3 b\u00f6ng\u00e9sz\u00e9si szok\u00e1sair\u00f3l adatokat r\u00f6gz\u00edtsen. A legt\u00f6bb internetes oldal idestova 20 \u00e9ve haszn\u00e1l ilyen cookie-kat, mert ezek hozz\u00e1j\u00e1rulnak a felhaszn\u00e1l\u00f3i \u00e9lm\u00e9ny k\u00e9nyelmesebb\u00e9 t\u00e9tel\u00e9hez.&nbsp; A cookie-k seg\u00edts\u00e9g\u00e9vel az oldal szem\u00e9lyre szabott szolg\u00e1ltat\u00e1sokat ny\u00fajthat (p\u00e9ld\u00e1ul &#8230; <a title=\"Cookie information\" class=\"read-more\" href=\"https:\/\/adin.hu\/en\/suti-tajekoztato\/\" aria-label=\"Read more about S\u00fcti t\u00e1j\u00e9koztat\u00f3\">Read more<\/a><\/p>","protected":false},"author":5,"featured_media":0,"parent":0,"menu_order":0,"comment_status":"closed","ping_status":"closed","template":"","meta":{"footnotes":""},"class_list":["post-1024","page","type-page","status-publish"],"_links":{"self":[{"href":"https:\/\/adin.hu\/en\/wp-json\/wp\/v2\/pages\/1024","targetHints":{"allow":["GET"]}}],"collection":[{"href":"https:\/\/adin.hu\/en\/wp-json\/wp\/v2\/pages"}],"about":[{"href":"https:\/\/adin.hu\/en\/wp-json\/wp\/v2\/types\/page"}],"author":[{"embeddable":true,"href":"https:\/\/adin.hu\/en\/wp-json\/wp\/v2\/users\/5"}],"replies":[{"embeddable":true,"href":"https:\/\/adin.hu\/en\/wp-json\/wp\/v2\/comments?post=1024"}],"version-history":[{"count":0,"href":"https:\/\/adin.hu\/en\/wp-json\/wp\/v2\/pages\/1024\/revisions"}],"wp:attachment":[{"href":"https:\/\/adin.hu\/en\/wp-json\/wp\/v2\/media?parent=1024"}],"curies":[{"name":"wp","href":"https:\/\/api.w.org\/{rel}","templated":true}]}}