{"id":2328,"date":"2024-05-09T18:15:27","date_gmt":"2024-05-09T16:15:27","guid":{"rendered":"https:\/\/adin.hu\/?page_id=2328"},"modified":"2024-06-16T06:55:41","modified_gmt":"2024-06-16T04:55:41","slug":"becsuletkasszas-rendezvenyek","status":"publish","type":"page","link":"https:\/\/adin.hu\/de\/becsuletkasszas-rendezvenyek\/","title":{"rendered":"Becs\u00fcletkassz\u00e1s jegyek &#8222;v\u00e1s\u00e1rl\u00e1sa&#8221;"},"content":{"rendered":"\t\t<div data-elementor-type=\"wp-page\" data-elementor-id=\"2328\" class=\"elementor elementor-2328\" data-elementor-post-type=\"page\">\n\t\t\t\t<div data-dce-background-overlay-color=\"#02354D\" data-dce-background-image-url=\"https:\/\/adin.hu\/wp-content\/uploads\/2024\/05\/20240119_110619-scaled.jpg\" class=\"elementor-element elementor-element-aad44b8 e-con-full e-flex e-con e-parent\" data-id=\"aad44b8\" data-element_type=\"container\" data-e-type=\"container\" data-settings=\"{&quot;background_background&quot;:&quot;classic&quot;}\">\n\t\t\t\t<div class=\"elementor-element elementor-element-70013dc elementor-widget elementor-widget-heading\" data-id=\"70013dc\" data-element_type=\"widget\" data-e-type=\"widget\" data-widget_type=\"heading.default\">\n\t\t\t\t<div class=\"elementor-widget-container\">\n\t\t\t\t\t<h2 class=\"elementor-heading-title elementor-size-default\">\"JEGYV\u00c1S\u00c1RL\u00c1S\"<br>becs\u00fcletkassz\u00e1s rendezv\u00e9nyre<\/h2>\t\t\t\t<\/div>\n\t\t\t\t<\/div>\n\t\t\t\t<\/div>\n\t\t<div class=\"elementor-element elementor-element-505ab6b e-flex e-con-boxed e-con e-parent\" data-id=\"505ab6b\" data-element_type=\"container\" data-e-type=\"container\">\n\t\t\t\t\t<div class=\"e-con-inner\">\n\t\t<div class=\"elementor-element elementor-element-ff2a033 e-flex e-con-boxed e-con e-child\" data-id=\"ff2a033\" data-element_type=\"container\" data-e-type=\"container\">\n\t\t\t\t\t<div class=\"e-con-inner\">\n\t\t<div class=\"elementor-element elementor-element-e863bef e-con-full e-flex e-con e-child\" data-id=\"e863bef\" data-element_type=\"container\" data-e-type=\"container\">\n\t\t\t\t<div class=\"elementor-element elementor-element-6b1edef elementor-widget elementor-widget-text-editor\" data-id=\"6b1edef\" data-element_type=\"widget\" data-e-type=\"widget\" data-widget_type=\"text-editor.default\">\n\t\t\t\t<div class=\"elementor-widget-container\">\n\t\t\t\t\t\t\t\t\t<p>Becs\u00fcletkassz\u00e1s rendezv\u00e9nyeinkre <strong>tetsz\u0151leges \u00f6sszeggel l\u00e9phetsz be<\/strong>, nincsenek konkr\u00e9t \u00f6sszeg\u0171 jegyek, de \u00e9rtelemszer\u0171en <strong>min\u00e9l t\u00f6bbet sz\u00e1nsz a bel\u00e9p\u00e9sre, ann\u00e1l k\u00f6zelebb juttatod \u00c1dint az \u00e9letment\u0151 g\u00e9nter\u00e1pi\u00e1hoz<\/strong>. A rendezv\u00e9nyeken a bel\u00e9p\u00e9shez a kapott <strong>visszaigazol\u00f3 e-mailt kell majd felmutatnod<\/strong>.<\/p>\t\t\t\t\t\t\t\t<\/div>\n\t\t\t\t<\/div>\n\t\t<div data-dce-background-color=\"#0E6A91\" class=\"elementor-element elementor-element-70b499e e-con-full e-flex e-con e-child\" data-id=\"70b499e\" data-element_type=\"container\" data-e-type=\"container\" data-settings=\"{&quot;background_background&quot;:&quot;classic&quot;,&quot;motion_fx_motion_fx_scrolling&quot;:&quot;yes&quot;,&quot;motion_fx_devices&quot;:[&quot;desktop&quot;,&quot;tablet&quot;]}\">\n\t\t\t\t<div class=\"elementor-element elementor-element-5cfcbc8 elementor-button-align-end elementor-widget elementor-widget-form\" data-id=\"5cfcbc8\" data-element_type=\"widget\" data-e-type=\"widget\" data-settings=\"{&quot;step_next_label&quot;:&quot;Next&quot;,&quot;step_previous_label&quot;:&quot;Previous&quot;,&quot;button_width&quot;:&quot;100&quot;,&quot;dce_confirm_dialog_enabled&quot;:&quot;no&quot;,&quot;step_type&quot;:&quot;number_text&quot;,&quot;step_icon_shape&quot;:&quot;circle&quot;,&quot;label_icon_size&quot;:{&quot;unit&quot;:&quot;px&quot;,&quot;size&quot;:&quot;&quot;,&quot;sizes&quot;:[]},&quot;field_icon_size&quot;:{&quot;unit&quot;:&quot;px&quot;,&quot;size&quot;:&quot;&quot;,&quot;sizes&quot;:[]}}\" data-widget_type=\"form.default\">\n\t\t\t\t<div class=\"elementor-widget-container\">\n\t\t\t\t\t<div class=\"dce-conditions-js-error-notice elementor-message elementor-message-danger\" style=\"display: none;\">A k\u00f6vetkez\u0151 \u0171rlapon hib\u00e1t \u00e9szlelt\u00fcnk. Elk\u00fcld\u00e9se hib\u00e1khoz vezethet. K\u00e9rj\u00fck, forduljon a webhely rendszergazd\u00e1j\u00e1hoz.<\/div>\t\t\t<script>\n\t\t\tsetTimeout(function() {\n\t\t\t\tlet el = document.querySelector(\".dce-conditions-js-error-notice\");\n\t\t\t\tif (el)\n\t\t\t\t\tel.style.display = \"block\";\n\t\t\t}, 6000);\n\t\t\t<\/script>\t\t<form class=\"elementor-form\" method=\"post\" id=\"facebookkeret\" name=\"Facebook keret\" aria-label=\"Facebook keret\">\n\t\t\t<input type=\"hidden\" name=\"post_id\" value=\"2328\"\/>\n\t\t\t<input type=\"hidden\" name=\"form_id\" value=\"5cfcbc8\"\/>\n\t\t\t<input type=\"hidden\" name=\"referer_title\" value=\"Becs\u00fcletkassz\u00e1s jegyek &#8222;v\u00e1s\u00e1rl\u00e1sa&#8221;\" \/>\n\n\t\t\t\t\t\t\t<input type=\"hidden\" name=\"queried_id\" value=\"2328\"\/>\n\t\t\t\n\t\t\t<div data-field-conditions=\"[{&quot;id&quot;:&quot;field_2000281&quot;,&quot;condition&quot;:&quot;(fizetesimod == \\&quot;Bankk\\u00e1rty\\u00e1val (Stripe)\\&quot;)&quot;,&quot;mode&quot;:&quot;show&quot;,&quot;disableOnly&quot;:false},{&quot;id&quot;:&quot;paypal&quot;,&quot;condition&quot;:&quot;(fizetesimod == \\&quot;PayPal fi\\u00f3kkal\\&quot;)&quot;,&quot;mode&quot;:&quot;show&quot;,&quot;disableOnly&quot;:false},{&quot;id&quot;:&quot;fenykep&quot;,&quot;condition&quot;:&quot;(profilkep == \\&quot;Igen, persze!\\&quot;)&quot;,&quot;mode&quot;:&quot;show&quot;,&quot;disableOnly&quot;:false}]\" data-field-ids=\"[&quot;neved&quot;,&quot;email&quot;,&quot;rendezveny&quot;,&quot;field_2d7ebb8&quot;,&quot;resztvevok_szama&quot;,&quot;field_39e4d72&quot;,&quot;fizetendo_osszeg&quot;,&quot;fizetesimod&quot;,&quot;field_2000281&quot;,&quot;paypal&quot;,&quot;profilkep&quot;,&quot;fenykep&quot;,&quot;field_c8e720c&quot;]\" class=\"elementor-form-fields-wrapper elementor-labels-above\">\n\t\t\t\t\t\t\t\t<div class=\"elementor-field-type-text elementor-field-group elementor-column elementor-field-group-neved elementor-col-100 elementor-field-required elementor-mark-required\">\n\t\t\t\t\t\t\t\t\t\t\t\t<label for=\"form-field-neved\" class=\"elementor-field-label\">\n\t\t\t\t\t\t\t\tNeved\t\t\t\t\t\t\t<\/label>\n\t\t\t\t\t\t\t\t\t\t\t\t\t\t<input size=\"1\" type=\"text\" name=\"form_fields[neved]\" id=\"form-field-neved\" class=\"elementor-field elementor-size-md  elementor-field-textual\" required=\"required\">\n\t\t\t\t\t\t\t\t\t\t\t<\/div>\n\t\t\t\t\t\t\t\t<div class=\"elementor-field-type-email elementor-field-group elementor-column elementor-field-group-email elementor-col-100 elementor-field-required elementor-mark-required\">\n\t\t\t\t\t\t\t\t\t\t\t\t<label for=\"form-field-email\" class=\"elementor-field-label\">\n\t\t\t\t\t\t\t\tEmail c\u00edmed\t\t\t\t\t\t\t<\/label>\n\t\t\t\t\t\t\t\t\t\t\t\t\t\t<input size=\"1\" type=\"email\" name=\"form_fields[email]\" id=\"form-field-email\" class=\"elementor-field elementor-size-md  elementor-field-textual\" required=\"required\">\n\t\t\t\t\t\t\t\t\t\t\t<\/div>\n\t\t\t\t\t\t\t\t<div class=\"elementor-field-type-select elementor-field-group elementor-column elementor-field-group-rendezveny elementor-col-100 elementor-field-required elementor-mark-required\">\n\t\t\t\t\t\t\t\t\t\t\t\t<label for=\"form-field-rendezveny\" class=\"elementor-field-label\">\n\t\t\t\t\t\t\t\tV\u00e1lassz rendezv\u00e9nyt!\t\t\t\t\t\t\t<\/label>\n\t\t\t\t\t\t\t\t<div class=\"elementor-field elementor-select-wrapper remove-before \">\n\t\t\t<div class=\"select-caret-down-wrapper\">\n\t\t\t\t<i aria-hidden=\"true\" class=\"eicon-caret-down\"><\/i>\t\t\t<\/div>\n\t\t\t<select name=\"form_fields[rendezveny]\" id=\"form-field-rendezveny\" class=\"elementor-field-textual elementor-size-md\" required=\"required\">\n\t\t\t\t\t\t\t\t\t<option value=\"V\u00e1lassz\">V\u00e1lassz<\/option>\n\t\t\t\t\t\t\t\t\t<option value=\"\u00c9lm\u00e9nyvezet\u00e9s \u00c1din jav\u00e1ra (Debrecen)\">\u00c9lm\u00e9nyvezet\u00e9s \u00c1din jav\u00e1ra (Debrecen)<\/option>\n\t\t\t\t\t\t\t<\/select>\n\t\t<\/div>\n\t\t\t\t\t\t<\/div>\n\t\t\t\t\t\t\t\t<div class=\"elementor-field-type-radio elementor-field-group elementor-column elementor-field-group-field_2d7ebb8 elementor-col-70\">\n\t\t\t\t\t\t\t\t\t\t\t\t<label for=\"form-field-field_2d7ebb8\" class=\"elementor-field-label\">\n\t\t\t\t\t\t\t\tV\u00e1lassz turnust!\t\t\t\t\t\t\t<\/label>\n\t\t\t\t\t\t<div class=\"elementor-field-subgroup  elementor-subgroup-inline\"><span class=\"elementor-field-option\"><input type=\"radio\" value=\"11.00 - 12.00\" id=\"form-field-field_2d7ebb8-0\" name=\"form_fields[field_2d7ebb8]\"> <label for=\"form-field-field_2d7ebb8-0\">11.00 - 12.00<\/label><\/span><\/div>\t\t\t\t<\/div>\n\t\t\t\t\t\t\t\t<div class=\"elementor-field-type-select elementor-field-group elementor-column elementor-field-group-resztvevok_szama elementor-col-100 elementor-field-required elementor-mark-required\">\n\t\t\t\t\t\t\t\t\t\t\t\t<label for=\"form-field-resztvevok_szama\" class=\"elementor-field-label\">\n\t\t\t\t\t\t\t\tH\u00e1ny (max 5) gyermek r\u00e9szv\u00e9tel\u00e9\u00e9rt szeretn\u00e9l adom\u00e1nyozni?\t\t\t\t\t\t\t<\/label>\n\t\t\t\t\t\t\t\t<div class=\"elementor-field elementor-select-wrapper remove-before \">\n\t\t\t<div class=\"select-caret-down-wrapper\">\n\t\t\t\t<i aria-hidden=\"true\" class=\"eicon-caret-down\"><\/i>\t\t\t<\/div>\n\t\t\t<select name=\"form_fields[resztvevok_szama]\" id=\"form-field-resztvevok_szama\" class=\"elementor-field-textual elementor-size-md\" required=\"required\">\n\t\t\t\t\t\t\t\t\t<option value=\"V\u00e1lassz\">V\u00e1lassz<\/option>\n\t\t\t\t\t\t\t\t\t<option value=\"1\">1<\/option>\n\t\t\t\t\t\t\t\t\t<option value=\"2\">2<\/option>\n\t\t\t\t\t\t\t\t\t<option value=\"3\">3<\/option>\n\t\t\t\t\t\t\t\t\t<option value=\"4\">4<\/option>\n\t\t\t\t\t\t\t\t\t<option value=\"5\">5<\/option>\n\t\t\t\t\t\t\t<\/select>\n\t\t<\/div>\n\t\t\t\t\t\t<\/div>\n\t\t\t\t\t\t\t\t<div class=\"elementor-field-type-text elementor-field-group elementor-column elementor-field-group-field_39e4d72 elementor-col-100\">\n\t\t\t\t\t\t\t\t\t\t\t\t<label for=\"form-field-field_39e4d72\" class=\"elementor-field-label\">\n\t\t\t\t\t\t\t\tGyermekek nevei \u00e9s sz\u00fclet\u00e9si \u00e9ve (vessz\u0151vel elv\u00e1lasztva)\t\t\t\t\t\t\t<\/label>\n\t\t\t\t\t\t\t\t\t\t\t\t\t\t<input size=\"1\" type=\"text\" name=\"form_fields[field_39e4d72]\" id=\"form-field-field_39e4d72\" class=\"elementor-field elementor-size-md  elementor-field-textual\" placeholder=\"pl. T\u00f3th Luca 2011, T\u00f3th Juliska 2016\">\n\t\t\t\t\t\t\t\t\t\t\t<\/div>\n\t\t\t\t\t\t\t\t<div class=\"elementor-field-type-number elementor-field-group elementor-column elementor-field-group-fizetendo_osszeg elementor-col-100 elementor-field-required elementor-mark-required\">\n\t\t\t\t\t\t\t\t\t\t\t\t<label for=\"form-field-fizetendo_osszeg\" class=\"elementor-field-label\">\n\t\t\t\t\t\t\t\tAdom\u00e1ny \u00f6sszege\t\t\t\t\t\t\t<\/label>\n\t\t\t\t\t\t\t\t\t<input type=\"number\" name=\"form_fields[fizetendo_osszeg]\" id=\"form-field-fizetendo_osszeg\" class=\"elementor-field elementor-size-md  elementor-field-textual\" placeholder=\"Csak sz\u00e1mot \u00edrj\" required=\"required\" min=\"200\" max=\"\" >\n\t\t\t\t\t\t<\/div>\n\t\t\t\t\t\t\t\t<div class=\"elementor-field-type-select elementor-field-group elementor-column elementor-field-group-fizetesimod elementor-col-100 elementor-field-required elementor-mark-required\">\n\t\t\t\t\t\t\t\t\t\t\t\t<label for=\"form-field-fizetesimod\" class=\"elementor-field-label\">\n\t\t\t\t\t\t\t\tV\u00e1lassz fizet\u00e9si m\u00f3dot!\t\t\t\t\t\t\t<\/label>\n\t\t\t\t\t\t\t\t<div class=\"elementor-field elementor-select-wrapper remove-before \">\n\t\t\t<div class=\"select-caret-down-wrapper\">\n\t\t\t\t<i aria-hidden=\"true\" class=\"eicon-caret-down\"><\/i>\t\t\t<\/div>\n\t\t\t<select name=\"form_fields[fizetesimod]\" id=\"form-field-fizetesimod\" class=\"elementor-field-textual elementor-size-md\" required=\"required\">\n\t\t\t\t\t\t\t\t\t<option value=\"V\u00e1lassz\">V\u00e1lassz<\/option>\n\t\t\t\t\t\t\t\t\t<option value=\"Bankk\u00e1rty\u00e1val (Stripe)\">Bankk\u00e1rty\u00e1val (Stripe)<\/option>\n\t\t\t\t\t\t\t\t\t<option value=\"PayPal fi\u00f3kkal\">PayPal fi\u00f3kkal<\/option>\n\t\t\t\t\t\t\t<\/select>\n\t\t<\/div>\n\t\t\t\t\t\t<\/div>\n\t\t\t\t\t\t\t\t<div class=\"elementor-field-type-dce_form_stripe elementor-field-group elementor-column elementor-field-group-field_2000281 elementor-col-100 elementor-field-required elementor-mark-required\">\n\t\t\t\t\t\t\t\t\t\t\t\t<label for=\"form-field-field_2000281\" class=\"elementor-field-label\">\n\t\t\t\t\t\t\t\tBankk\u00e1rty\u00e1s fizet\u00e9s\t\t\t\t\t\t\t<\/label>\n\t\t\t\t\t\t<input type=\"hidden\" name=\"form_fields[field_2000281]\" id=\"form-field-field_2000281\" class=\"elementor-field elementor-size-md \" required=\"required\"><span class=\"stripe-error elementor-message elementor-message-danger elementor-help-inline elementor-form-help-inline\" role=\"alert\" style=\"display: none;\"><\/span><div data-required=\"true\" data-publishable-key=\"pk_live_51OU9nGCYcVMCPexCcLjpID1F4IMZlewp0u2r398U6DRdjA1HHdbjdi0ofTeQvA6LTgNFrz20jIJvM2C8G48F656300rfpQ6QgD\" data-field-index=\"8\" data-intent-url=\"https:\/\/adin.hu\/wp-admin\/admin-ajax.php?action=dce_stripe_get_payment_intent\" style=\"padding-top: 10px;\" class=\"elementor-field elementor-field-textual dce-stripe-elements\"><\/div>\t\t\t\t<\/div>\n\t\t\t\t\t\t\t\t<div class=\"elementor-field-type-dce_form_paypal elementor-field-group elementor-column elementor-field-group-paypal elementor-col-100 elementor-field-required elementor-mark-required\">\n\t\t\t\t\t\t\t\t\t\t\t\t<label for=\"form-field-paypal\" class=\"elementor-field-label\">\n\t\t\t\t\t\t\t\tFizet\u00e9s PayPal fi\u00f3kkal\t\t\t\t\t\t\t<\/label>\n\t\t\t\t\t\t<div style=\"display: block; width: 100%;text-align: center\"><div class=\"dce-paypal-approved\" style=\"display: none;\">Adatok rendben, k\u00e9rj\u00fck, nyomj r\u00e1 az &quot;Elk\u00fcld\u00f6m az adom\u00e1nyom&quot; gombra a fizet\u00e9shez!<\/div><input type=\"hidden\" name=\"form_fields[paypal]\" id=\"form-field-paypal\" class=\"elementor-field elementor-size-md \" required=\"required\"><div data-currency=\"HUF\" data-name=\"\u00c1din_Becs\u00fcletkassza\" data-value-field-id=\"fizetendo_osszeg\" data-sku=\"\" data-description=\"Becs\u00fcletkassz\u00e1s rendezv\u00e9nyek\" data-height=\"35\" data-layout=\"horizontal\" data-color=\"gold\" class=\"dce-paypal-buttons dce-paypal-buttons\" id=\"dce-buttons-5cfcbc8-9\" style=\"margin: auto;\"><\/div><\/div>\t\t\t\t<\/div>\n\t\t\t\t\t\t\t\t<div class=\"elementor-field-type-select elementor-field-group elementor-column elementor-field-group-profilkep elementor-col-100 elementor-field-required elementor-mark-required\">\n\t\t\t\t\t\t\t\t\t\t\t\t<label for=\"form-field-profilkep\" class=\"elementor-field-label\">\n\t\t\t\t\t\t\t\tK\u00e9sz\u00edthet\u00fcnk Neked egyedi \u00c1dinos profilk\u00e9pkeretet, amivel megoszt\u00e1sok n\u00e9lk\u00fcl is el tudod juttatni a gy\u0171jt\u00e9s h\u00edr\u00e9t m\u00e1sokhoz?\t\t\t\t\t\t\t<\/label>\n\t\t\t\t\t\t\t\t<div class=\"elementor-field elementor-select-wrapper remove-before \">\n\t\t\t<div class=\"select-caret-down-wrapper\">\n\t\t\t\t<i aria-hidden=\"true\" class=\"eicon-caret-down\"><\/i>\t\t\t<\/div>\n\t\t\t<select name=\"form_fields[profilkep]\" id=\"form-field-profilkep\" class=\"elementor-field-textual elementor-size-md\" required=\"required\">\n\t\t\t\t\t\t\t\t\t<option value=\"V\u00e1lassz!\">V\u00e1lassz!<\/option>\n\t\t\t\t\t\t\t\t\t<option value=\"Igen, persze!\">Igen, persze!<\/option>\n\t\t\t\t\t\t\t\t\t<option value=\"Ink\u00e1bb nem\">Ink\u00e1bb nem<\/option>\n\t\t\t\t\t\t\t<\/select>\n\t\t<\/div>\n\t\t\t\t\t\t<\/div>\n\t\t\t\t\t\t\t\t<div class=\"elementor-field-type-upload elementor-field-group elementor-column elementor-field-group-fenykep elementor-col-100 elementor-field-required elementor-mark-required\">\n\t\t\t\t\t\t\t\t\t\t\t\t<label for=\"form-field-fenykep\" class=\"elementor-field-label\">\n\t\t\t\t\t\t\t\tT\u00f6lts fel egy k\u00e9pet (lehet\u0151leg n\u00e9gyzet alak\u00fat)\t\t\t\t\t\t\t<\/label>\n\t\t\t\t\t\t\t\t<input type=\"file\" name=\"form_fields[fenykep]\" id=\"form-field-fenykep\" class=\"elementor-field elementor-size-md  elementor-upload-field\" required=\"required\">\n\n\t\t\t\t\t\t<\/div>\n\t\t\t\t\t\t\t\t<div class=\"elementor-field-type-acceptance elementor-field-group elementor-column elementor-field-group-field_c8e720c elementor-col-100 elementor-field-required elementor-mark-required\">\n\t\t\t\t\t\t\t<div class=\"elementor-field-subgroup\">\n\t\t\t<span class=\"elementor-field-option\">\n\t\t\t\t<input type=\"checkbox\" name=\"form_fields[field_c8e720c]\" id=\"form-field-field_c8e720c\" class=\"elementor-field elementor-size-md  elementor-acceptance-field\" required=\"required\">\n\t\t\t\t<label for=\"form-field-field_c8e720c\">Elovastam \u00e9s elfogadom az Egy\u00fctt \u00c1din Kez\u00e9t Fogva Alap\u00edtv\u00e1ny <a style=\"color:#F4721C\" href=\"https:\/\/adin.hu\/adatkezelesi-tajekoztato\">adatkezel\u00e9si t\u00e1j\u00e9koztat\u00f3j\u00e1t.<\/a><\/label>\t\t\t<\/span>\n\t\t<\/div>\n\t\t\t\t\t\t<\/div>\n\t\t\t\t\t\t\t\t<div class=\"elementor-field-group elementor-column elementor-field-type-submit elementor-col-100 e-form__buttons\">\n\t\t\t\t\t<button class=\"elementor-button elementor-size-md\" type=\"submit\">\n\t\t\t\t\t\t<span class=\"elementor-button-content-wrapper\">\n\t\t\t\t\t\t\t\t\t\t\t\t\t\t\t<span class=\"elementor-button-icon\">\n\t\t\t\t\t\t\t\t\t<i aria-hidden=\"true\" class=\"fas fa-arrow-right\"><\/i>\t\t\t\t\t\t\t\t\t\t\t\t\t\t\t\t\t<\/span>\n\t\t\t\t\t\t\t\t\t\t\t\t\t\t\t\t\t\t\t\t\t\t<span class=\"elementor-button-text\">Elk\u00fcld\u00f6m az adom\u00e1nyom<\/span>\n\t\t\t\t\t\t\t\t\t\t\t\t\t<\/span>\n\t\t\t\t\t<\/button>\n\t\t\t\t<\/div>\n\t\t\t<\/div>\n\t\t<\/form>\n\t\t\t\t\t\t<\/div>\n\t\t\t\t<\/div>\n\t\t\t\t<\/div>\n\t\t\t\t<\/div>\n\t\t<div class=\"elementor-element elementor-element-05b37c5 e-con-full e-flex e-con e-child\" data-id=\"05b37c5\" data-element_type=\"container\" data-e-type=\"container\">\n\t\t\t\t<div class=\"elementor-element elementor-element-c07b936 elementor-widget elementor-widget-heading\" data-id=\"c07b936\" data-element_type=\"widget\" data-e-type=\"widget\" data-widget_type=\"heading.default\">\n\t\t\t\t<div class=\"elementor-widget-container\">\n\t\t\t\t\t<h2 class=\"elementor-heading-title elementor-size-default\">Haszn\u00e1lj \u00c1dinos Facebook profilk\u00e9p keretet!<\/h2>\t\t\t\t<\/div>\n\t\t\t\t<\/div>\n\t\t\t\t<div class=\"elementor-element elementor-element-d353cac elementor-widget elementor-widget-text-editor\" data-id=\"d353cac\" data-element_type=\"widget\" data-e-type=\"widget\" data-widget_type=\"text-editor.default\">\n\t\t\t\t<div class=\"elementor-widget-container\">\n\t\t\t\t\t\t\t\t\t<p>A meg\u00fajult adom\u00e1nyoz\u00f3 \u0171rlapban lehet\u0151s\u00e9ged ny\u00edlik adom\u00e1nyod\u00e9rt, f\u00fcggetlen\u00fcl az \u00f6sszegt\u0151l, egy <strong>egyedi \u00c1dinos k\u00e9pkerettel ell\u00e1tott k\u00f6z\u00f6ss\u00e9gi profilk\u00e9pet<\/strong> let\u00f6ltened, amennyiben az \u0171rlapban ezt az opci\u00f3t v\u00e1lasztod. <strong>Ez nem csak egy aj\u00e1nd\u00e9k<\/strong> a r\u00e9sz\u00fcnkr\u0151l a kedvess\u00e9ged\u00e9rt, de ennek haszn\u00e1lat\u00e1val tov\u00e1bbi seg\u00edts\u00e9get ny\u00fajthatsz \u00c1dinnak, hiszen <strong>k\u00fcl\u00f6n megoszt\u00e1sok n\u00e9lk\u00fcl is h\u00edr\u00e9t tudod vinni a gy\u0171jt\u00e9snek<\/strong>.<\/p><p>T\u00f6lts fel egy k\u00e9pet, ak\u00e1r a mostani profilk\u00e9pedet is, juttasd el az adom\u00e1nyod \u00c1din sz\u00e1m\u00e1ra (utal\u00e1sos, bankk\u00e1rty\u00e1s vagy PayPal fizet\u00e9si m\u00f3ddal) \u00e9s m\u00e1r le is t\u00f6ltheted az \u00c1dinos k\u00e9pkerettel ell\u00e1tott \u00faj profilk\u00e9ped.<\/p>\t\t\t\t\t\t\t\t<\/div>\n\t\t\t\t<\/div>\n\t\t\t\t<div class=\"elementor-element elementor-element-319e3e4 dce_masking-none elementor-widget elementor-widget-video\" data-id=\"319e3e4\" data-element_type=\"widget\" data-e-type=\"widget\" data-settings=\"{&quot;youtube_url&quot;:&quot;https:\\\/\\\/youtu.be\\\/rg0_jpbdF2s&quot;,&quot;video_type&quot;:&quot;youtube&quot;,&quot;controls&quot;:&quot;yes&quot;}\" data-widget_type=\"video.default\">\n\t\t\t\t<div class=\"elementor-widget-container\">\n\t\t\t\t\t\t\t<div class=\"elementor-wrapper elementor-open-inline\">\n\t\t\t<div class=\"elementor-video\"><\/div>\t\t<\/div>\n\t\t\t\t\t\t<\/div>\n\t\t\t\t<\/div>\n\t\t\t\t<div class=\"elementor-element elementor-element-69aed5c elementor-shape-rounded elementor-grid-0 e-grid-align-center elementor-widget elementor-widget-global elementor-global-921 elementor-widget-social-icons\" data-id=\"69aed5c\" data-element_type=\"widget\" data-e-type=\"widget\" data-widget_type=\"social-icons.default\">\n\t\t\t\t<div class=\"elementor-widget-container\">\n\t\t\t\t\t\t\t<div class=\"elementor-social-icons-wrapper elementor-grid\" role=\"list\">\n\t\t\t\t\t\t\t<span class=\"elementor-grid-item\" role=\"listitem\">\n\t\t\t\t\t<a class=\"elementor-icon elementor-social-icon elementor-social-icon-facebook elementor-repeater-item-5b69520\" href=\"https:\/\/www.facebook.com\/egyuttadinert\" target=\"_blank\">\n\t\t\t\t\t\t<span class=\"elementor-screen-only\">Facebook<\/span>\n\t\t\t\t\t\t<i aria-hidden=\"true\" class=\"fab fa-facebook\"><\/i>\t\t\t\t\t<\/a>\n\t\t\t\t<\/span>\n\t\t\t\t\t\t\t<span class=\"elementor-grid-item\" role=\"listitem\">\n\t\t\t\t\t<a class=\"elementor-icon elementor-social-icon elementor-social-icon-instagram elementor-repeater-item-661af2a\" href=\"https:\/\/www.instagram.com\/egyuttadinert\" target=\"_blank\">\n\t\t\t\t\t\t<span class=\"elementor-screen-only\">Instagram<\/span>\n\t\t\t\t\t\t<i aria-hidden=\"true\" class=\"fab fa-instagram\"><\/i>\t\t\t\t\t<\/a>\n\t\t\t\t<\/span>\n\t\t\t\t\t\t\t<span class=\"elementor-grid-item\" role=\"listitem\">\n\t\t\t\t\t<a class=\"elementor-icon elementor-social-icon elementor-social-icon-youtube elementor-repeater-item-16b5c5e\" href=\"https:\/\/www.youtube.com\/@egyuttadinert\" target=\"_blank\">\n\t\t\t\t\t\t<span class=\"elementor-screen-only\">Youtube<\/span>\n\t\t\t\t\t\t<i aria-hidden=\"true\" class=\"fab fa-youtube\"><\/i>\t\t\t\t\t<\/a>\n\t\t\t\t<\/span>\n\t\t\t\t\t\t\t<span class=\"elementor-grid-item\" role=\"listitem\">\n\t\t\t\t\t<a class=\"elementor-icon elementor-social-icon elementor-social-icon-tiktok elementor-repeater-item-b9eba84\" href=\"https:\/\/www.tiktok.com\/@egyutt.adinert\" target=\"_blank\">\n\t\t\t\t\t\t<span class=\"elementor-screen-only\">Tiktok<\/span>\n\t\t\t\t\t\t<i aria-hidden=\"true\" class=\"fab fa-tiktok\"><\/i>\t\t\t\t\t<\/a>\n\t\t\t\t<\/span>\n\t\t\t\t\t<\/div>\n\t\t\t\t\t\t<\/div>\n\t\t\t\t<\/div>\n\t\t\t\t<\/div>\n\t\t\t\t\t<\/div>\n\t\t\t\t<\/div>\n\t\t\t\t\t<\/div>\n\t\t\t\t<\/div>\n\t\t\t\t<\/div>\n\t\t","protected":false},"excerpt":{"rendered":"<p>&#8222;JEGYV\u00c1S\u00c1RL\u00c1S&#8221;becs\u00fcletkassz\u00e1s rendezv\u00e9nyre Becs\u00fcletkassz\u00e1s rendezv\u00e9nyeinkre tetsz\u0151leges \u00f6sszeggel l\u00e9phetsz be, nincsenek konkr\u00e9t \u00f6sszeg\u0171 jegyek, de \u00e9rtelemszer\u0171en min\u00e9l t\u00f6bbet sz\u00e1nsz a bel\u00e9p\u00e9sre, ann\u00e1l k\u00f6zelebb juttatod \u00c1dint az \u00e9letment\u0151 g\u00e9nter\u00e1pi\u00e1hoz. A rendezv\u00e9nyeken a bel\u00e9p\u00e9shez a kapott visszaigazol\u00f3 e-mailt kell majd felmutatnod. Haszn\u00e1lj \u00c1dinos Facebook profilk\u00e9p keretet! A meg\u00fajult adom\u00e1nyoz\u00f3 \u0171rlapban lehet\u0151s\u00e9ged ny\u00edlik adom\u00e1nyod\u00e9rt, f\u00fcggetlen\u00fcl az \u00f6sszegt\u0151l, egy egyedi \u00c1dinos &#8230; <a title=\"Becs\u00fcletkassz\u00e1s jegyek &#8222;v\u00e1s\u00e1rl\u00e1sa&#8221;\" class=\"read-more\" href=\"https:\/\/adin.hu\/de\/becsuletkasszas-rendezvenyek\/\" aria-label=\"Mehr Informationen \u00fcber Becs\u00fcletkassz\u00e1s jegyek &#8222;v\u00e1s\u00e1rl\u00e1sa&#8221;\">Weiterlesen<\/a><\/p>","protected":false},"author":5,"featured_media":0,"parent":0,"menu_order":0,"comment_status":"closed","ping_status":"closed","template":"elementor_header_footer","meta":{"footnotes":""},"class_list":["post-2328","page","type-page","status-publish"],"_links":{"self":[{"href":"https:\/\/adin.hu\/de\/wp-json\/wp\/v2\/pages\/2328","targetHints":{"allow":["GET"]}}],"collection":[{"href":"https:\/\/adin.hu\/de\/wp-json\/wp\/v2\/pages"}],"about":[{"href":"https:\/\/adin.hu\/de\/wp-json\/wp\/v2\/types\/page"}],"author":[{"embeddable":true,"href":"https:\/\/adin.hu\/de\/wp-json\/wp\/v2\/users\/5"}],"replies":[{"embeddable":true,"href":"https:\/\/adin.hu\/de\/wp-json\/wp\/v2\/comments?post=2328"}],"version-history":[{"count":49,"href":"https:\/\/adin.hu\/de\/wp-json\/wp\/v2\/pages\/2328\/revisions"}],"predecessor-version":[{"id":2504,"href":"https:\/\/adin.hu\/de\/wp-json\/wp\/v2\/pages\/2328\/revisions\/2504"}],"wp:attachment":[{"href":"https:\/\/adin.hu\/de\/wp-json\/wp\/v2\/media?parent=2328"}],"curies":[{"name":"wp","href":"https:\/\/api.w.org\/{rel}","templated":true}]}}