{"id":1469,"date":"2024-02-09T05:55:21","date_gmt":"2024-02-09T04:55:21","guid":{"rendered":"https:\/\/adin.temarketinged.hu\/?page_id=1469"},"modified":"2024-02-09T06:03:27","modified_gmt":"2024-02-09T05:03:27","slug":"kozono-seite-kepeslap-vaslarsert-template4","status":"publish","type":"page","link":"https:\/\/adin.hu\/de\/koszonooldal-kepeslap-vasarlasert-sablon4\/","title":{"rendered":"Dankesseite f\u00fcr den Kauf einer Postkarte (Vorlage 4)"},"content":{"rendered":"<div data-elementor-type=\"wp-page\" data-elementor-id=\"1469\" class=\"elementor elementor-1469\" data-elementor-post-type=\"page\">\n\t\t\t\t<div class=\"elementor-element elementor-element-68e5e03 e-flex e-con-boxed e-con e-parent\" data-id=\"68e5e03\" data-element_type=\"container\" data-e-type=\"container\">\n\t\t\t\t\t<div class=\"e-con-inner\">\n\t\t\t\t<div class=\"elementor-element elementor-element-4b01f8e6 elementor-widget elementor-widget-heading\" data-id=\"4b01f8e6\" data-element_type=\"widget\" data-e-type=\"widget\" data-widget_type=\"heading.default\">\n\t\t\t\t<div class=\"elementor-widget-container\">\n\t\t\t\t\t<h2 class=\"elementor-heading-title elementor-size-default\">Danke sch\u00f6n!<\/h2>\t\t\t\t<\/div>\n\t\t\t\t<\/div>\n\t\t\t\t\t<\/div>\n\t\t\t\t<\/div>\n\t\t<div class=\"elementor-element elementor-element-591b478c e-flex e-con-boxed e-con e-parent\" data-id=\"591b478c\" data-element_type=\"container\" data-e-type=\"container\">\n\t\t\t\t\t<div class=\"e-con-inner\">\n\t\t<div class=\"elementor-element elementor-element-5547b2b2 e-con-full e-flex e-con e-child\" data-id=\"5547b2b2\" data-element_type=\"container\" data-e-type=\"container\">\n\t\t\t\t<div class=\"elementor-element elementor-element-6c0e2c23 elementor-widget elementor-widget-text-editor\" data-id=\"6c0e2c23\" data-element_type=\"widget\" data-e-type=\"widget\" data-widget_type=\"text-editor.default\">\n\t\t\t\t<div class=\"elementor-widget-container\">\n\t\t\t\t\t\t\t\t\t<p>Im Namen von \u00c1din sind wir auch sehr dankbar, dass Sie Ihren Liebsten die Postkarte schenken, die wir zum Valentinstag erstellt haben.<\/p><p>Sie k\u00f6nnen Ihre Postkarte erhalten, indem Sie auf die Schaltfl\u00e4che unten klicken. <strong>Nachdem Sie darauf gedr\u00fcckt haben, m\u00fcssen Sie einige Momente warten, bis der Download beginnt.<\/strong> Beim Drucken ist die Karte standardm\u00e4\u00dfig so gro\u00df wie ein Faltblatt, wenn das Papier auf Standard A\/4 eingestellt ist. Wenn Sie eine Karte w\u00fcnschen, die kleiner ist, stellen Sie einfach in den Druckeinstellungen das Papierformat auf A\/5 ein und die Karte wird sofort im Format A\/6 gedruckt, also ca. die Gr\u00f6\u00dfe einer Postkarte.<\/p>\t\t\t\t\t\t\t\t<\/div>\n\t\t\t\t<\/div>\n\t\t\t\t<div data-dce-background-color=\"#F4721C\" class=\"elementor-element elementor-element-1742e1a6 elementor-widget elementor-widget-dce_pdf_button\" data-id=\"1742e1a6\" data-element_type=\"widget\" data-e-type=\"widget\" data-widget_type=\"dce_pdf_button.default\">\n\t\t\t\t<div class=\"elementor-widget-container\">\n\t\t\t\t\t\t\t<div class=\"elementor-button-wrapper elementor-button-pdf-wrapper\">\n\t\t\t<a data-preview=\"\" data-new-tab=\"\" onclick=\"var url = window.location.href;var elid = &quot;1742e1a6&quot;;if (url.indexOf(&#039;?&#039;) &gt; -1){\turl += &#039;&amp;downloadPDF=&#039; + elid;}else{   url += &#039;?downloadPDF=&#039; + elid;}var a = document.createElement(&#039;a&#039;);if (this.dataset.preview === &#039;yes&#039; &amp;&amp; this.dataset.newTab === &#039;yes&#039; ) {\ta.target = &#039;_blank&#039;;}a.href = url;document.body.appendChild(a);a.click();\/\/ prevents defaults action:return false;\" style=\"cursor: pointer;\" class=\"elementor-button-link elementor-button elementor-size-sm\" role=\"button\">\n\t\t\t\t\t\t<span class=\"elementor-button-content-wrapper dce-flex\">\n\t\t\t\t<span class=\"elementor-button-text\">Postkarte herunterladen<\/span>\n\t\t<\/span>\n\t\t\t\t\t<\/a>\n\t\t<\/div>\n\t\t\t\t\t\t<\/div>\n\t\t\t\t<\/div>\n\t\t\t\t<div class=\"elementor-element elementor-element-6a818092 elementor-shape-rounded elementor-grid-0 e-grid-align-center elementor-widget elementor-widget-social-icons\" data-id=\"6a818092\" data-element_type=\"widget\" data-e-type=\"widget\" data-widget_type=\"social-icons.default\">\n\t\t\t\t<div class=\"elementor-widget-container\">\n\t\t\t\t\t\t\t<div class=\"elementor-social-icons-wrapper elementor-grid\" role=\"list\">\n\t\t\t\t\t\t\t<span class=\"elementor-grid-item\" role=\"listitem\">\n\t\t\t\t\t<a class=\"elementor-icon elementor-social-icon elementor-social-icon-facebook elementor-repeater-item-5b69520\" target=\"_blank\">\n\t\t\t\t\t\t<span class=\"elementor-screen-only\">Facebook<\/span>\n\t\t\t\t\t\t<i aria-hidden=\"true\" class=\"fab fa-facebook\"><\/i>\t\t\t\t\t<\/a>\n\t\t\t\t<\/span>\n\t\t\t\t\t\t\t<span class=\"elementor-grid-item\" role=\"listitem\">\n\t\t\t\t\t<a class=\"elementor-icon elementor-social-icon elementor-social-icon-instagram elementor-repeater-item-661af2a\" target=\"_blank\">\n\t\t\t\t\t\t<span class=\"elementor-screen-only\">Instagram<\/span>\n\t\t\t\t\t\t<i aria-hidden=\"true\" class=\"fab fa-instagram\"><\/i>\t\t\t\t\t<\/a>\n\t\t\t\t<\/span>\n\t\t\t\t\t\t\t<span class=\"elementor-grid-item\" role=\"listitem\">\n\t\t\t\t\t<a class=\"elementor-icon elementor-social-icon elementor-social-icon-youtube elementor-repeater-item-16b5c5e\" href=\"https:\/\/www.youtube.com\/@egyuttadinert\" target=\"_blank\">\n\t\t\t\t\t\t<span class=\"elementor-screen-only\">Youtube<\/span>\n\t\t\t\t\t\t<i aria-hidden=\"true\" class=\"fab fa-youtube\"><\/i>\t\t\t\t\t<\/a>\n\t\t\t\t<\/span>\n\t\t\t\t\t<\/div>\n\t\t\t\t\t\t<\/div>\n\t\t\t\t<\/div>\n\t\t\t\t<\/div>\n\t\t<div class=\"elementor-element elementor-element-6a8dc8da e-con-full e-transform e-flex e-con e-child\" data-id=\"6a8dc8da\" data-element_type=\"container\" data-e-type=\"container\" data-settings=\"{&quot;_transform_rotateZ_effect&quot;:{&quot;unit&quot;:&quot;px&quot;,&quot;size&quot;:16,&quot;sizes&quot;:[]},&quot;_transform_rotateZ_effect_tablet&quot;:{&quot;unit&quot;:&quot;deg&quot;,&quot;size&quot;:&quot;&quot;,&quot;sizes&quot;:[]},&quot;_transform_rotateZ_effect_mobile&quot;:{&quot;unit&quot;:&quot;deg&quot;,&quot;size&quot;:&quot;&quot;,&quot;sizes&quot;:[]}}\">\n\t\t\t\t<div class=\"elementor-element elementor-element-260dbbc0 dce_masking-none elementor-widget elementor-widget-image\" data-id=\"260dbbc0\" data-element_type=\"widget\" data-e-type=\"widget\" data-settings=\"{&quot;_animation&quot;:&quot;none&quot;}\" data-widget_type=\"image.default\">\n\t\t\t\t<div class=\"elementor-widget-container\">\n\t\t\t\t\t\t\t\t\t\t\t\t\t\t\t<img fetchpriority=\"high\" decoding=\"async\" width=\"4028\" height=\"4000\" src=\"https:\/\/adin.hu\/wp-content\/uploads\/2024\/02\/szivecskek.png\" class=\"attachment-full size-full wp-image-1379\" alt=\"\" srcset=\"https:\/\/adin.hu\/wp-content\/uploads\/2024\/02\/szivecskek.png 4028w, https:\/\/adin.hu\/wp-content\/uploads\/2024\/02\/szivecskek-100x100.png 100w, https:\/\/adin.hu\/wp-content\/uploads\/2024\/02\/szivecskek-600x596.png 600w, https:\/\/adin.hu\/wp-content\/uploads\/2024\/02\/szivecskek-300x298.png 300w, https:\/\/adin.hu\/wp-content\/uploads\/2024\/02\/szivecskek-1024x1017.png 1024w, https:\/\/adin.hu\/wp-content\/uploads\/2024\/02\/szivecskek-150x150.png 150w, https:\/\/adin.hu\/wp-content\/uploads\/2024\/02\/szivecskek-768x763.png 768w, https:\/\/adin.hu\/wp-content\/uploads\/2024\/02\/szivecskek-1536x1525.png 1536w, https:\/\/adin.hu\/wp-content\/uploads\/2024\/02\/szivecskek-2048x2034.png 2048w, https:\/\/adin.hu\/wp-content\/uploads\/2024\/02\/szivecskek-12x12.png 12w\" sizes=\"(max-width: 4028px) 100vw, 4028px\" \/>\t\t\t\t\t\t\t\t\t\t\t\t\t\t\t<\/div>\n\t\t\t\t<\/div>\n\t\t\t\t<\/div>\n\t\t\t\t\t<\/div>\n\t\t\t\t<\/div>\n\t\t\t\t<\/div>","protected":false},"excerpt":{"rendered":"<p>K\u00f6sz\u00f6nj\u00fck! \u00c1din nev\u00e9ben is nagyon h\u00e1l\u00e1sak vagyunk, hogy az \u00e1ltalunk k\u00e9sz\u00edtett k\u00e9peslappal aj\u00e1nd\u00e9kozod meg kedvesedet Valentin nap alkalm\u00e1b\u00f3l. K\u00e9peslapodat az al\u00e1bbi gombra kattintva \u00e9rheted el. A megnyom\u00e1s ut\u00e1n egy p\u00e1r pillanatot v\u00e1rni kell, am\u00edg elindul a let\u00f6lt\u00e9s. Nyomtat\u00e1skor alap\u00e9rtelmezetten, ha a pap\u00edr a szok\u00e1sos A\/4-esre van \u00e1ll\u00edtva, akkora a k\u00e1rtya, mint egy sz\u00f3r\u00f3lap. Ha enn\u00e9l &#8230; <a title=\"Dankesseite f\u00fcr den Kauf einer Postkarte (Vorlage 4)\" class=\"read-more\" href=\"https:\/\/adin.hu\/de\/koszonooldal-kepeslap-vasarlasert-sablon4\/\" aria-label=\"Mehr Informationen \u00fcber K\u00f6sz\u00f6n\u0151oldal k\u00e9peslap v\u00e1s\u00e1rl\u00e1s\u00e9rt (sablon4)\">Weiterlesen<\/a><\/p>","protected":false},"author":5,"featured_media":0,"parent":0,"menu_order":0,"comment_status":"closed","ping_status":"closed","template":"","meta":{"footnotes":""},"class_list":["post-1469","page","type-page","status-publish"],"_links":{"self":[{"href":"https:\/\/adin.hu\/de\/wp-json\/wp\/v2\/pages\/1469","targetHints":{"allow":["GET"]}}],"collection":[{"href":"https:\/\/adin.hu\/de\/wp-json\/wp\/v2\/pages"}],"about":[{"href":"https:\/\/adin.hu\/de\/wp-json\/wp\/v2\/types\/page"}],"author":[{"embeddable":true,"href":"https:\/\/adin.hu\/de\/wp-json\/wp\/v2\/users\/5"}],"replies":[{"embeddable":true,"href":"https:\/\/adin.hu\/de\/wp-json\/wp\/v2\/comments?post=1469"}],"version-history":[{"count":0,"href":"https:\/\/adin.hu\/de\/wp-json\/wp\/v2\/pages\/1469\/revisions"}],"wp:attachment":[{"href":"https:\/\/adin.hu\/de\/wp-json\/wp\/v2\/media?parent=1469"}],"curies":[{"name":"wp","href":"https:\/\/api.w.org\/{rel}","templated":true}]}}