{"id":1024,"date":"2024-01-11T16:02:21","date_gmt":"2024-01-11T15:02:21","guid":{"rendered":"https:\/\/adin.temarketinged.hu\/?page_id=1024"},"modified":"2024-01-11T16:02:22","modified_gmt":"2024-01-11T15:02:22","slug":"suti-tajektato","status":"publish","type":"page","link":"https:\/\/adin.hu\/de\/suti-tajekoztato\/","title":{"rendered":"Cookie-Informationen"},"content":{"rendered":"<h2 class=\"wp-block-heading\"><strong>Cookie-Informationen<\/strong><\/h2>\n\n\n\n<h3 class=\"wp-block-heading\"><strong>Was ist ein Cookie?<\/strong><\/h3>\n\n\n\n<p>Cookies sind kleine Informationstextdateien, die es einer Website erm\u00f6glichen, Daten \u00fcber die Surfgewohnheiten des Benutzers aufzuzeichnen. Die meisten Websites verwenden solche Cookies bereits seit 20 Jahren, da sie dazu beitragen, das Benutzererlebnis komfortabler zu gestalten. Mithilfe von Cookies kann die Website personalisierte Dienste bereitstellen <em>(z. B. Notizen zu Inhalten, die f\u00fcr den jeweiligen Benutzer von Interesse sind)<\/em>. Die auf diese Weise erfassten Daten k\u00f6nnen nicht mit anderen personenbezogenen Daten verkn\u00fcpft werden, wir sind nicht in der Lage, Sie zu identifizieren, sie erleichtern lediglich den Betrieb der Website (z. B. die Eingabe Ihrer Anmeldedaten im Voraus) und geben uns die M\u00f6glichkeit um Statistiken \u00fcber die Website zu erstellen.&nbsp;<\/p>\n\n\n\n<h3 class=\"wp-block-heading\"><strong>Welche Arten von Cookies unterscheiden wir?<\/strong><\/h3>\n\n\n\n<p>Wir unterscheiden Cookies anhand mehrerer Aspekte. Beginnen wir mit den Worten <strong>Wer setzt das Cookie:<\/strong><\/p>\n\n\n\n<ul class=\"wp-block-list\">\n<li>Die <strong>Erstanbieter-\/interne Cookies<\/strong>wird durch die vom Benutzer besuchte Website festgelegt<\/li>\n\n\n\n<li>Die <strong>Cookies von Drittanbietern<\/strong>et werden von Websites und Domains gesetzt, die der Benutzer nicht direkt besucht hat. Dies geschieht normalerweise, wenn der Ersteller der Website Tracking-Codes, Plug-ins, Anzeigen usw. von Drittanbietern einbindet. zur Website hinzugef\u00fcgt. Diese Dritten k\u00f6nnen \u00e4hnliche Technologien zum Sammeln von Daten verwenden, um im Zusammenhang mit ihren eigenen Diensten gezielte Werbebotschaften an Benutzer zu senden. In solchen F\u00e4llen unterliegt die Datenverwaltung den Datenschutzbestimmungen dieser Dritten und wir \u00fcbernehmen keine Verantwortung f\u00fcr diese Datenverwaltung.<\/li>\n<\/ul>\n\n\n\n<p><strong>G\u00fcltigkeit<\/strong> Wir unterscheiden Cookies auch hinsichtlich:<\/p>\n\n\n\n<ul class=\"wp-block-list\">\n<li>Sind <strong>tempor\u00e4res Cookie<\/strong>-k <em>(Sitzungscookie)<\/em>, die keine G\u00fcltigkeitsdauer haben, da sie beim Schlie\u00dfen des Browsers gel\u00f6scht werden<\/li>\n\n\n\n<li>und da sind <strong>Dauerhafter Cookie<\/strong>-k <em>(dauerhaftes Cookie)<\/em>, die vom Browser nicht gel\u00f6scht werden, sondern aktiv bleiben, bis sie gel\u00f6scht werden oder ablaufen.&nbsp;<\/li>\n<\/ul>\n\n\n\n<p><strong>Funktionen <\/strong>bez\u00fcglich:<\/p>\n\n\n\n<ul class=\"wp-block-list\">\n<li><strong>F\u00fcr den Betrieb notwendige (technische) Cookies, <\/strong>die f\u00fcr das ordnungsgem\u00e4\u00dfe Funktionieren einer Website unerl\u00e4sslich sind. Sie erm\u00f6glichen die Navigation zwischen Seiten, den Zugriff auf sichere Bereiche der Website und die Speicherung der Spracheinstellungen der Seite.<\/li>\n<\/ul>\n\n\n\n<p><strong>Funktionelle Cookies<\/strong>, die es einer Website erm\u00f6glichen, vom Benutzer festgelegte Pr\u00e4ferenzen wie Benutzername, Region oder Spracheinstellungen zu speichern. Diese Cookies verbessern das Benutzererlebnis und bieten Besuchern individuellere Inhalte.<\/p>\n\n\n\n<ul class=\"wp-block-list\">\n<li><strong>Leistungssteigernde (analytische) Cookies<\/strong>, die Informationen dar\u00fcber sammeln, wie Besucher eine Website nutzen, z. B. welche Seiten sie am h\u00e4ufigsten besuchen oder welche Fehlermeldungen sie erhalten. Diese Daten helfen dem Websitebesitzer, die Leistung und Benutzererfahrung der Website zu verbessern. Analytische Cookies sammeln in der Regel anonyme Daten.<\/li>\n\n\n\n<li><strong>Gezielte (Werbe-)Cookies<\/strong>, die die Anzeige von Werbung entsprechend den Interessen der Besucher erm\u00f6glichen. Diese Cookies verfolgen auch die Surfaktivit\u00e4ten der Besucher auf anderen Websites und erstellen Profile der Benutzerinteressen. Zielgerichtete Cookies werden h\u00e4ufig von Werbetreibenden und Social-Media-Websites verwendet.<\/li>\n<\/ul>\n\n\n\n<p><strong>WESENTLICHE COOKIES, DIE AUF UNSERER WEBSITE VERWENDET WERDEN:<\/strong><\/p>\n\n\n\n<ul class=\"wp-block-list\">\n<li><strong>move_gdpr_popup<\/strong><strong><br><\/strong><strong>Beschreibung<\/strong>: Der Zweck des Cookies besteht darin, sich die Cookie-Einstellungspr\u00e4ferenzen des Besuchers zu merken und die Cookie-Warnung nur anzuzeigen, wenn der Besucher zum ersten Mal auf die Website gelangt.<br><strong>Verfallsdatum:<\/strong> 7 Tage<\/li>\n\n\n\n<li><strong>__stripe_mid, __stripe_sid<\/strong><strong><br><\/strong><strong>Funktion: <\/strong>Diese Cookies sind zum Schutz vor Finanzbetrug und Geldw\u00e4sche f\u00fcr den Zahlungsdienst Stripe erforderlich.<br><strong>Verfallsdatum<\/strong>: 1 Jahr<\/li>\n\n\n\n<li><strong>tk_ai<\/strong><br><strong>Funktion<\/strong>: Woocommerce-Cookie, das eine zuf\u00e4llig generierte, anonyme Benutzer-ID zur Auftragsverfolgung generiert.<br><strong>Verfallsdatum:<\/strong> Sie werden gel\u00f6scht, wenn Sie den Browser schlie\u00dfen<\/li>\n\n\n\n<li><strong>trp_sprache<\/strong><br><strong>Funktion:<\/strong> Es handelt sich um ein Cookie der Translatepress-Erweiterung, das die Mehrsprachigkeit der Website gew\u00e4hrleistet, mit deren Hilfe sich der Browser die Sprache merkt, die der Besucher bei seinem vorherigen Besuch bevorzugt hat, und diese Sprache automatisch f\u00fcr ihn einstellt, wenn er die Seite erneut besucht.<br><strong>Verfallsdatum:<\/strong>30 Tage<\/li>\n\n\n\n<li><strong>wordpress_test_cookie<\/strong><br><strong>Funktion<\/strong>: Ein von WordPress verwendeter Cookie, mit dessen Hilfe WordPress feststellen kann, ob Cookies im Browser des Besuchers platziert werden k\u00f6nnen. Es werden keine personenbezogenen Daten gespeichert.<br><strong>Verfallsdatum:<\/strong> Sitzung<\/li>\n\n\n\n<li><strong>wordpress_lang<\/strong><br><strong>Funktion:<\/strong> Es speichert die Spracheinstellungen der Website, jedoch keine personenbezogenen Daten<br><strong>Verfallsdatum:<\/strong> Sitzung<br><\/li>\n<\/ul>\n\n\n\n<p><strong>ANALYTISCHE COOKIES, DIE AUF UNSERER WEBSITE VERWENDET WERDEN:<\/strong><\/p>\n\n\n\n<ul class=\"wp-block-list\">\n<li><strong>_ga_YTYNEB6BH0<\/strong><strong><br><\/strong><strong>Funktion:<\/strong> Google Analytics (GA4)-Cookie, das anonyme Daten dar\u00fcber sammelt und an Google Ltd. \u00fcbermittelt, wie viele und welche Seiten w\u00e4hrend des Besuchs eines Nutzers geladen wurden<br><strong>Verfallsdatum:<\/strong> 1 Jahr<\/li>\n\n\n\n<li><strong>_ga<\/strong><strong><br><\/strong><strong>Funktion:<\/strong> Cookie des Google Analytics-Dienstes, der zur eindeutigen Identifizierung von Besuchern dient und die Verfolgung des Besucherverhaltens auf der Website erm\u00f6glicht<br><strong>Verfallsdatum:<\/strong> 2 Jahre<\/li>\n<\/ul>\n\n\n\n<p><strong>Der Benutzer kann Cookies von seinem Computer l\u00f6schen oder deren Installation und Verwendung in seinem Browser deaktivieren. Die Deaktivierung von Cookies kann jedoch den Nutzungskomfort des Browsers beeintr\u00e4chtigen und Probleme beim Betrieb der Website verursachen.<\/strong><\/p>\n\n\n\n<p>Cookies werden normalerweise von Browsern verwaltet <em>Datenschutzeinstellungen im Men\u00fc Extras\/Einstellungen<\/em> unten ist es mit einem Cookie-Namen m\u00f6glich.<\/p>\n\n\n\n<h3 class=\"wp-block-heading\"><strong>Inwieweit beeintr\u00e4chtigen Cookies den Schutz Ihrer personenbezogenen Daten?<\/strong><\/h3>\n\n\n\n<p>Die durch Cookies gesammelten Daten werden ausschlie\u00dflich zur Verbesserung des Benutzererlebnisses und zur Anpassung an die individuellen Benutzereinstellungen verwendet, sodass Unbefugte keinen Zugriff darauf haben. Als Dritter k\u00f6nnen nur Personen, die in einer Partnerschaft mit Jobtain Kft. stehen und Marketing- oder IT-Aktivit\u00e4ten durchf\u00fchren, diese Daten einsehen.<\/p>\n\n\n\n<h3 class=\"wp-block-heading\"><strong>Verbot von Cookies<\/strong><\/h3>\n\n\n\n<p>Cookies werden vom Browser erstellt und gespeichert, daher ist es m\u00f6glich, sie im Browser zu deaktivieren. Es ist jedoch zu ber\u00fccksichtigen, dass bei verbotenen Cookies die M\u00f6glichkeit besteht, dass die \u00fcblichen Websites nicht ordnungsgem\u00e4\u00df funktionieren.<\/p>\n\n\n\n<p>Informationen zum Deaktivieren von Cookies finden Sie in der Hilfe Ihres Browsers.<\/p>\n\n\n\n<p>Deaktivierung von Google Analytics mit einem Browser-Plugin: <a href=\"https:\/\/tools.google.com\/dlpage\/gaoptout\"><strong>https:\/\/tools.google.com\/dlpage\/gaoptout<\/strong><\/a><\/p>\n\n\n\n<p>Cookies im Chrome-Browser deaktivieren: <a href=\"https:\/\/support.google.com\/chrome\/answer\/95647?hl=hu\"><strong>https:\/\/support.google.com\/chrome\/answer\/95647?hl=hu<\/strong><\/a><\/p>\n\n\n\n<p>Cookies im Firefox-Browser deaktivieren: <a href=\"https:\/\/support.mozilla.org\/hu\/kb\/weboldalak-altal-elhelyezett-sutik-torlese-szamito\"><strong>https:\/\/support.mozilla.org\/hu\/kb\/weboldalak-altal-elhelyezett-sutik-torlese-szamito<\/strong><\/a><\/p>","protected":false},"excerpt":{"rendered":"<p>S\u00fcti (cookie) t\u00e1j\u00e9koztat\u00f3 Mi az a cookie (s\u00fcti)? A cookie-k (s\u00fctik) olyan kis inform\u00e1ci\u00f3s sz\u00f6vegf\u00e1jlok, amelyek lehet\u0151v\u00e9 teszik, hogy egy weboldal a felhaszn\u00e1l\u00f3 b\u00f6ng\u00e9sz\u00e9si szok\u00e1sair\u00f3l adatokat r\u00f6gz\u00edtsen. A legt\u00f6bb internetes oldal idestova 20 \u00e9ve haszn\u00e1l ilyen cookie-kat, mert ezek hozz\u00e1j\u00e1rulnak a felhaszn\u00e1l\u00f3i \u00e9lm\u00e9ny k\u00e9nyelmesebb\u00e9 t\u00e9tel\u00e9hez.&nbsp; A cookie-k seg\u00edts\u00e9g\u00e9vel az oldal szem\u00e9lyre szabott szolg\u00e1ltat\u00e1sokat ny\u00fajthat (p\u00e9ld\u00e1ul &#8230; <a title=\"Cookie-Informationen\" class=\"read-more\" href=\"https:\/\/adin.hu\/de\/suti-tajekoztato\/\" aria-label=\"Mehr Informationen \u00fcber S\u00fcti t\u00e1j\u00e9koztat\u00f3\">Weiterlesen<\/a><\/p>","protected":false},"author":5,"featured_media":0,"parent":0,"menu_order":0,"comment_status":"closed","ping_status":"closed","template":"","meta":{"footnotes":""},"class_list":["post-1024","page","type-page","status-publish"],"_links":{"self":[{"href":"https:\/\/adin.hu\/de\/wp-json\/wp\/v2\/pages\/1024","targetHints":{"allow":["GET"]}}],"collection":[{"href":"https:\/\/adin.hu\/de\/wp-json\/wp\/v2\/pages"}],"about":[{"href":"https:\/\/adin.hu\/de\/wp-json\/wp\/v2\/types\/page"}],"author":[{"embeddable":true,"href":"https:\/\/adin.hu\/de\/wp-json\/wp\/v2\/users\/5"}],"replies":[{"embeddable":true,"href":"https:\/\/adin.hu\/de\/wp-json\/wp\/v2\/comments?post=1024"}],"version-history":[{"count":0,"href":"https:\/\/adin.hu\/de\/wp-json\/wp\/v2\/pages\/1024\/revisions"}],"wp:attachment":[{"href":"https:\/\/adin.hu\/de\/wp-json\/wp\/v2\/media?parent=1024"}],"curies":[{"name":"wp","href":"https:\/\/api.w.org\/{rel}","templated":true}]}}